{"id":7316,"date":"2025-09-24T03:55:40","date_gmt":"2025-09-24T01:55:40","guid":{"rendered":"https:\/\/www.odyseebyrosie.com\/?page_id=7316"},"modified":"2025-11-04T12:29:44","modified_gmt":"2025-11-04T11:29:44","slug":"plan-du-site","status":"publish","type":"page","link":"https:\/\/www.odyseebyrosie.com\/index.php\/plan-du-site\/","title":{"rendered":"Plan du site"},"content":{"rendered":"\n<div class=\"wp-block-group is-content-justification-center is-layout-constrained wp-container-core-group-is-layout-c9a767d9 wp-block-group-is-layout-constrained\">\n<div class=\"wp-block-group is-layout-constrained wp-block-group-is-layout-constrained\" style=\"padding-top:var(--wp--preset--spacing--60)\">\n<div class=\"wp-block-uagb-advanced-heading uagb-block-92ebecd6\"><h2 class=\"uagb-heading-text\">Plan du site<\/h2><\/div>\n<\/div>\n\n\n<div class=\"aioseo-html-sitemap\"><style>.aioseo-html-sitemap.labels-hidden ul { margin: 0; }<\/style><div class=\"aioseo-html-post-sitemap\"><h4>Articles<\/h4><ul><li><a href=\"https:\/\/www.odyseebyrosie.com\/index.php\/2019\/06\/13\/martine-et-rosie-exposent\/\" >Martine et Rosie exposent (13 juin 2019)<\/a><\/li><li><a href=\"https:\/\/www.odyseebyrosie.com\/index.php\/2022\/10\/01\/les-artistes-createurs-et-artisans-en-salon\/\" >Les artistes, cr\u00e9ateurs et artisans en salon (1 octobre 2022)<\/a><\/li><li><a href=\"https:\/\/www.odyseebyrosie.com\/index.php\/2022\/12\/02\/luxembourg-art-prize\/\" >Luxembourg Art Prize (2 d\u00e9cembre 2022)<\/a><\/li><li><a href=\"https:\/\/www.odyseebyrosie.com\/index.php\/2024\/02\/15\/salon-made-in-alsace\/\" >Le salon Made in Alsace (15 f\u00e9vrier 2024)<\/a><\/li><li><a href=\"https:\/\/www.odyseebyrosie.com\/index.php\/2025\/05\/31\/le-festival-des-socieres\/\" >Le festival des sorci\u00e8res (31 mai 2025)<\/a><\/li><\/ul><\/div><br \/><div class=\"aioseo-html-page-sitemap\"><h4>Pages<\/h4><ul><li><a href=\"https:\/\/www.odyseebyrosie.com\/index.php\/contactez-nous\/\" >Contactez-nous (22 mai 2025)<\/a><\/li><li><a href=\"https:\/\/www.odyseebyrosie.com\/index.php\/mentions-legales\/\" >Mentions l\u00e9gales (22 mai 2025)<\/a><\/li><li><a href=\"https:\/\/www.odyseebyrosie.com\/index.php\/creations\/\" >Nos cr\u00e9ations (24 mai 2025)<\/a><\/li><li><a href=\"https:\/\/www.odyseebyrosie.com\/index.php\/biographie\/\" >Biographie (2 ao\u00fbt 2025)<\/a><\/li><li><a href=\"https:\/\/www.odyseebyrosie.com\/\" >Walter Rosie (20 septembre 2025)<\/a><\/li><li><a href=\"https:\/\/www.odyseebyrosie.com\/index.php\/plan-du-site\/\" >Plan du site (24 septembre 2025)<\/a><\/li><li><a href=\"https:\/\/www.odyseebyrosie.com\/index.php\/galerie\/\" >Nos \u00e9v\u00e8nements (1 octobre 2025)<\/a><ul><li><a href=\"https:\/\/www.odyseebyrosie.com\/index.php\/galerie\/festival-des-sorcieres-2025\/\" >Festival des Sorci\u00e8res 2025 (1 octobre 2025)<\/a><\/li><li><a href=\"https:\/\/www.odyseebyrosie.com\/index.php\/galerie\/salon-du-consomacteur-2024\/\" >Salon du Consom&rsquo;acteur 2024 (3 octobre 2025)<\/a><\/li><li><a href=\"https:\/\/www.odyseebyrosie.com\/index.php\/galerie\/atelier-enfant-rai-2025\/\" >Atelier enfant RAI 2025 (14 novembre 2025)<\/a><\/li><\/ul><\/li><\/ul><\/div><br \/><div class=\"aioseo-html-category-sitemap\"><h4>Cat\u00e9gories<\/h4><ul><li><a href=\"https:\/\/www.odyseebyrosie.com\/index.php\/category\/actualites\/\" >Actualit\u00e9s<\/a><\/li><\/ul><\/div><br \/><div class=\"aioseo-html-post_tag-sitemap\"><h4>\u00c9tiquettes<\/h4><ul><li><a href=\"https:\/\/www.odyseebyrosie.com\/index.php\/tag\/passer\/\" >\u00c9v\u00e8nement pass\u00e9<\/a><\/li><li><a href=\"https:\/\/www.odyseebyrosie.com\/index.php\/tag\/presse\/\" >Presse<\/a><\/li><li><a href=\"https:\/\/www.odyseebyrosie.com\/index.php\/tag\/recompense\/\" >R\u00e9compense<\/a><\/li><\/ul><\/div><br \/><\/div><\/div>\n\n\n\n<p><\/p>\n","protected":false},"excerpt":{"rendered":"<p>Plan du site<\/p>\n","protected":false},"author":1,"featured_media":0,"parent":0,"menu_order":0,"comment_status":"closed","ping_status":"closed","template":"","meta":{"_uag_custom_page_level_css":"","site-sidebar-layout":"default","site-content-layout":"","ast-site-content-layout":"default","site-content-style":"default","site-sidebar-style":"default","ast-global-header-display":"","ast-banner-title-visibility":"","ast-main-header-display":"","ast-hfb-above-header-display":"","ast-hfb-below-header-display":"","ast-hfb-mobile-header-display":"","site-post-title":"disabled","ast-breadcrumbs-content":"","ast-featured-img":"","footer-sml-layout":"","ast-disable-related-posts":"","theme-transparent-header-meta":"","adv-header-id-meta":"","stick-header-meta":"","header-above-stick-meta":"","header-main-stick-meta":"","header-below-stick-meta":"","astra-migrate-meta-layouts":"default","ast-page-background-enabled":"default","ast-page-background-meta":{"desktop":{"background-color":"var(--ast-global-color-5)","background-image":"","background-repeat":"repeat","background-position":"center center","background-size":"auto","background-attachment":"scroll","background-type":"","background-media":"","overlay-type":"","overlay-color":"","overlay-opacity":"","overlay-gradient":""},"tablet":{"background-color":"","background-image":"","background-repeat":"repeat","background-position":"center center","background-size":"auto","background-attachment":"scroll","background-type":"","background-media":"","overlay-type":"","overlay-color":"","overlay-opacity":"","overlay-gradient":""},"mobile":{"background-color":"","background-image":"","background-repeat":"repeat","background-position":"center center","background-size":"auto","background-attachment":"scroll","background-type":"","background-media":"","overlay-type":"","overlay-color":"","overlay-opacity":"","overlay-gradient":""}},"ast-content-background-meta":{"desktop":{"background-color":"var(--ast-global-color-4)","background-image":"","background-repeat":"repeat","background-position":"center center","background-size":"auto","background-attachment":"scroll","background-type":"","background-media":"","overlay-type":"","overlay-color":"","overlay-opacity":"","overlay-gradient":""},"tablet":{"background-color":"var(--ast-global-color-4)","background-image":"","background-repeat":"repeat","background-position":"center center","background-size":"auto","background-attachment":"scroll","background-type":"","background-media":"","overlay-type":"","overlay-color":"","overlay-opacity":"","overlay-gradient":""},"mobile":{"background-color":"var(--ast-global-color-4)","background-image":"","background-repeat":"repeat","background-position":"center center","background-size":"auto","background-attachment":"scroll","background-type":"","background-media":"","overlay-type":"","overlay-color":"","overlay-opacity":"","overlay-gradient":""}},"footnotes":""},"class_list":["post-7316","page","type-page","status-publish","hentry"],"aioseo_notices":[],"uagb_featured_image_src":{"full":false,"thumbnail":false,"medium":false,"medium_large":false,"large":false,"1536x1536":false,"2048x2048":false},"uagb_author_info":{"display_name":"Rosie.W","author_link":"https:\/\/www.odyseebyrosie.com\/index.php\/author\/admin4677\/"},"uagb_comment_info":0,"uagb_excerpt":"Plan du site","_links":{"self":[{"href":"https:\/\/www.odyseebyrosie.com\/index.php\/wp-json\/wp\/v2\/pages\/7316","targetHints":{"allow":["GET"]}}],"collection":[{"href":"https:\/\/www.odyseebyrosie.com\/index.php\/wp-json\/wp\/v2\/pages"}],"about":[{"href":"https:\/\/www.odyseebyrosie.com\/index.php\/wp-json\/wp\/v2\/types\/page"}],"author":[{"embeddable":true,"href":"https:\/\/www.odyseebyrosie.com\/index.php\/wp-json\/wp\/v2\/users\/1"}],"replies":[{"embeddable":true,"href":"https:\/\/www.odyseebyrosie.com\/index.php\/wp-json\/wp\/v2\/comments?post=7316"}],"version-history":[{"count":29,"href":"https:\/\/www.odyseebyrosie.com\/index.php\/wp-json\/wp\/v2\/pages\/7316\/revisions"}],"predecessor-version":[{"id":10722,"href":"https:\/\/www.odyseebyrosie.com\/index.php\/wp-json\/wp\/v2\/pages\/7316\/revisions\/10722"}],"wp:attachment":[{"href":"https:\/\/www.odyseebyrosie.com\/index.php\/wp-json\/wp\/v2\/media?parent=7316"}],"curies":[{"name":"wp","href":"https:\/\/api.w.org\/{rel}","templated":true}]}}